{"id":3293,"date":"2022-08-17T17:14:42","date_gmt":"2022-08-17T21:14:42","guid":{"rendered":"https:\/\/mcpaiement.com\/submission\/"},"modified":"2026-03-24T17:50:34","modified_gmt":"2026-03-24T21:50:34","slug":"submission","status":"publish","type":"page","link":"https:\/\/mcpaiement.com\/en\/submission\/","title":{"rendered":"Submission"},"content":{"rendered":"\t\t<div data-elementor-type=\"wp-page\" data-elementor-id=\"3293\" class=\"elementor elementor-3293 elementor-62\" data-elementor-post-type=\"page\">\n\t\t\t\t\t\t<section class=\"elementor-section elementor-top-section elementor-element elementor-element-e631fe0 elementor-section-height-min-height elementor-section-boxed elementor-section-height-default elementor-section-items-middle\" data-id=\"e631fe0\" data-element_type=\"section\" data-settings=\"{&quot;jet_parallax_layout_list&quot;:[],&quot;background_background&quot;:&quot;classic&quot;}\">\n\t\t\t\t\t\t\t<div class=\"elementor-background-overlay\"><\/div>\n\t\t\t\t\t\t\t<div class=\"elementor-container elementor-column-gap-default\">\n\t\t\t\t\t<div class=\"elementor-column elementor-col-100 elementor-top-column elementor-element elementor-element-6d9ee8d\" data-id=\"6d9ee8d\" data-element_type=\"column\" data-settings=\"{&quot;background_background&quot;:&quot;classic&quot;}\">\n\t\t\t<div class=\"elementor-widget-wrap elementor-element-populated\">\n\t\t\t\t\t\t<div class=\"elementor-element elementor-element-f576088 elementor-widget elementor-widget-image\" data-id=\"f576088\" data-element_type=\"widget\" data-widget_type=\"image.default\">\n\t\t\t\t<div class=\"elementor-widget-container\">\n\t\t\t\t\t\t\t\t\t\t\t\t\t\t\t\t<a href=\"#form\">\n\t\t\t\t\t\t\t<img fetchpriority=\"high\" decoding=\"async\" width=\"800\" height=\"228\" src=\"https:\/\/mcpaiement.com\/wp-content\/uploads\/2022\/08\/logo-clover-1024x292.png\" class=\"attachment-large size-large wp-image-3101\" alt=\"\" srcset=\"https:\/\/mcpaiement.com\/wp-content\/uploads\/2022\/08\/logo-clover-1024x292.png 1024w, https:\/\/mcpaiement.com\/wp-content\/uploads\/2022\/08\/logo-clover-300x85.png 300w, https:\/\/mcpaiement.com\/wp-content\/uploads\/2022\/08\/logo-clover-768x219.png 768w, https:\/\/mcpaiement.com\/wp-content\/uploads\/2022\/08\/logo-clover-1536x437.png 1536w, https:\/\/mcpaiement.com\/wp-content\/uploads\/2022\/08\/logo-clover-2048x583.png 2048w\" sizes=\"(max-width: 800px) 100vw, 800px\" \/>\t\t\t\t\t\t\t\t<\/a>\n\t\t\t\t\t\t\t\t\t\t\t\t\t\t\t<\/div>\n\t\t\t\t<\/div>\n\t\t\t\t<div class=\"elementor-element elementor-element-cc07fd9 elementor-widget elementor-widget-heading\" data-id=\"cc07fd9\" data-element_type=\"widget\" data-widget_type=\"heading.default\">\n\t\t\t\t<div class=\"elementor-widget-container\">\n\t\t\t\t\t<h1 class=\"elementor-heading-title elementor-size-default\">Get your Clover terminal quote!<\/h1>\t\t\t\t<\/div>\n\t\t\t\t<\/div>\n\t\t\t\t<div class=\"elementor-element elementor-element-d333d6e elementor-widget elementor-widget-text-editor\" data-id=\"d333d6e\" data-element_type=\"widget\" data-widget_type=\"text-editor.default\">\n\t\t\t\t<div class=\"elementor-widget-container\">\n\t\t\t\t\t\t\t\t\t<p>Prenez rendez-vous avec nos sp\u00e9cialistes pour trouver les solutions les mieux adapt\u00e9es \u00e0 vos besoins. <strong>Soumission gratuite et sans engagement avec 90 jours d&#8217;essai.<\/strong><\/p>\t\t\t\t\t\t\t\t<\/div>\n\t\t\t\t<\/div>\n\t\t<div class=\"elementor-element elementor-element-c5ecb3d e-con-full e-flex e-con e-parent\" data-id=\"c5ecb3d\" data-element_type=\"container\" id=\"form\" data-settings=\"{&quot;jet_parallax_layout_list&quot;:[]}\">\n\t\t<div class=\"elementor-element elementor-element-57efbe2 e-con-full e-flex e-con e-child\" data-id=\"57efbe2\" data-element_type=\"container\" data-settings=\"{&quot;background_background&quot;:&quot;classic&quot;,&quot;jet_parallax_layout_list&quot;:[]}\">\n\t\t\t\t<div class=\"elementor-element elementor-element-c1f90ca elementor-button-align-stretch elementor-widget elementor-widget-form\" data-id=\"c1f90ca\" data-element_type=\"widget\" data-settings=\"{&quot;step_next_label&quot;:&quot;Next&quot;,&quot;step_previous_label&quot;:&quot;Previous&quot;,&quot;button_width&quot;:&quot;100&quot;,&quot;step_type&quot;:&quot;number_text&quot;,&quot;step_icon_shape&quot;:&quot;circle&quot;}\" data-widget_type=\"form.default\">\n\t\t\t\t<div class=\"elementor-widget-container\">\n\t\t\t\t\t\t\t<form class=\"elementor-form\" method=\"post\" id=\"form_soumission\" name=\"Formulaire page Soumission\" aria-label=\"Formulaire page Soumission\">\n\t\t\t<input type=\"hidden\" name=\"post_id\" value=\"3293\"\/>\n\t\t\t<input type=\"hidden\" name=\"form_id\" value=\"c1f90ca\"\/>\n\t\t\t<input type=\"hidden\" name=\"referer_title\" value=\"\" \/>\n\n\t\t\t\n\t\t\t<div class=\"elementor-form-fields-wrapper elementor-labels-above\">\n\t\t\t\t\t\t\t\t<div class=\"elementor-field-type-text elementor-field-group elementor-column elementor-field-group-name elementor-col-50 elementor-field-required elementor-mark-required\">\n\t\t\t\t\t\t\t\t\t\t\t\t<label for=\"form-field-name\" class=\"elementor-field-label\">\n\t\t\t\t\t\t\t\tLast name\t\t\t\t\t\t\t<\/label>\n\t\t\t\t\t\t\t\t\t\t\t\t\t\t<input size=\"1\" type=\"text\" name=\"form_fields[name]\" id=\"form-field-name\" class=\"elementor-field elementor-size-sm  elementor-field-textual\" required=\"required\">\n\t\t\t\t\t\t\t\t\t\t\t<\/div>\n\t\t\t\t\t\t\t\t<div class=\"elementor-field-type-text elementor-field-group elementor-column elementor-field-group-Prenom elementor-col-50 elementor-field-required elementor-mark-required\">\n\t\t\t\t\t\t\t\t\t\t\t\t<label for=\"form-field-Prenom\" class=\"elementor-field-label\">\n\t\t\t\t\t\t\t\tFirst Name\t\t\t\t\t\t\t<\/label>\n\t\t\t\t\t\t\t\t\t\t\t\t\t\t<input size=\"1\" type=\"text\" name=\"form_fields[Prenom]\" id=\"form-field-Prenom\" class=\"elementor-field elementor-size-sm  elementor-field-textual\" required=\"required\">\n\t\t\t\t\t\t\t\t\t\t\t<\/div>\n\t\t\t\t\t\t\t\t<div class=\"elementor-field-type-tel elementor-field-group elementor-column elementor-field-group-Telephone elementor-col-33 elementor-field-required elementor-mark-required\">\n\t\t\t\t\t\t\t\t\t\t\t\t<label for=\"form-field-Telephone\" class=\"elementor-field-label\">\n\t\t\t\t\t\t\t\tPhone\t\t\t\t\t\t\t<\/label>\n\t\t\t\t\t\t\t\t<input size=\"1\" type=\"tel\" name=\"form_fields[Telephone]\" id=\"form-field-Telephone\" class=\"elementor-field elementor-size-sm  elementor-field-textual\" required=\"required\" pattern=\"[0-9()#&amp;+*-=.]+\" title=\"Only numbers and phone characters (#, -, *, etc) are accepted.\">\n\n\t\t\t\t\t\t<\/div>\n\t\t\t\t\t\t\t\t<div class=\"elementor-field-type-email elementor-field-group elementor-column elementor-field-group-email elementor-col-33 elementor-field-required elementor-mark-required\">\n\t\t\t\t\t\t\t\t\t\t\t\t<label for=\"form-field-email\" class=\"elementor-field-label\">\n\t\t\t\t\t\t\t\tEmail\t\t\t\t\t\t\t<\/label>\n\t\t\t\t\t\t\t\t\t\t\t\t\t\t<input size=\"1\" type=\"email\" name=\"form_fields[email]\" id=\"form-field-email\" class=\"elementor-field elementor-size-sm  elementor-field-textual\" required=\"required\">\n\t\t\t\t\t\t\t\t\t\t\t<\/div>\n\t\t\t\t\t\t\t\t<div class=\"elementor-field-type-text elementor-field-group elementor-column elementor-field-group-Entreprise elementor-col-33\">\n\t\t\t\t\t\t\t\t\t\t\t\t<label for=\"form-field-Entreprise\" class=\"elementor-field-label\">\n\t\t\t\t\t\t\t\tCompany\t\t\t\t\t\t\t<\/label>\n\t\t\t\t\t\t\t\t\t\t\t\t\t\t<input size=\"1\" type=\"text\" name=\"form_fields[Entreprise]\" id=\"form-field-Entreprise\" class=\"elementor-field elementor-size-sm  elementor-field-textual\">\n\t\t\t\t\t\t\t\t\t\t\t<\/div>\n\t\t\t\t\t\t\t\t<div class=\"elementor-field-type-select elementor-field-group elementor-column elementor-field-group-field_ebf5d65 elementor-col-100 elementor-field-required elementor-mark-required\">\n\t\t\t\t\t\t\t\t\t\t\t\t<label for=\"form-field-field_ebf5d65\" class=\"elementor-field-label\">\n\t\t\t\t\t\t\t\tWhich solution are you interested in?\t\t\t\t\t\t\t<\/label>\n\t\t\t\t\t\t\t\t<div class=\"elementor-field elementor-select-wrapper remove-before \">\n\t\t\t<div class=\"select-caret-down-wrapper\">\n\t\t\t\t<i aria-hidden=\"true\" class=\"eicon-caret-down\"><\/i>\t\t\t<\/div>\n\t\t\t<select name=\"form_fields[field_ebf5d65]\" id=\"form-field-field_ebf5d65\" class=\"elementor-field-textual elementor-size-sm\" required=\"required\">\n\t\t\t\t\t\t\t\t\t<option value=\"Clover Flex\">Clover Flex<\/option>\n\t\t\t\t\t\t\t\t\t<option value=\"Clover Mini\">Clover Mini<\/option>\n\t\t\t\t\t\t\t\t\t<option value=\"Clover Station Duo\">Clover Station Duo<\/option>\n\t\t\t\t\t\t\t\t\t<option value=\"Clover Station Solo\">Clover Station Solo<\/option>\n\t\t\t\t\t\t\t\t\t<option value=\"Clover Flex Pocket\">Clover Flex Pocket<\/option>\n\t\t\t\t\t\t\t\t\t<option value=\"Clover Go\">Clover Go<\/option>\n\t\t\t\t\t\t\t\t\t<option value=\"Virtual terminal\">Virtual terminal<\/option>\n\t\t\t\t\t\t\t\t\t<option value=\"Request for information on services\">Request for information on services<\/option>\n\t\t\t\t\t\t\t\t\t<option value=\"Financing\">Financing<\/option>\n\t\t\t\t\t\t\t\t\t<option value=\"Other\">Other<\/option>\n\t\t\t\t\t\t\t\t\t<option value=\"\"><\/option>\n\t\t\t\t\t\t\t<\/select>\n\t\t<\/div>\n\t\t\t\t\t\t<\/div>\n\t\t\t\t\t\t\t\t<div class=\"elementor-field-type-textarea elementor-field-group elementor-column elementor-field-group-message elementor-col-100 elementor-field-required elementor-mark-required\">\n\t\t\t\t\t\t\t\t\t\t\t\t<label for=\"form-field-message\" class=\"elementor-field-label\">\n\t\t\t\t\t\t\t\tTell us more about your request\t\t\t\t\t\t\t<\/label>\n\t\t\t\t\t\t<textarea class=\"elementor-field-textual elementor-field  elementor-size-sm\" name=\"form_fields[message]\" id=\"form-field-message\" rows=\"4\" placeholder=\"Describe your company&#039;s needs\" required=\"required\"><\/textarea>\t\t\t\t<\/div>\n\t\t\t\t\t\t\t\t<div class=\"elementor-field-type-text\">\n\t\t\t\t\t<input size=\"1\" type=\"text\" name=\"form_fields[field_cf87635]\" id=\"form-field-field_cf87635\" class=\"elementor-field elementor-size-sm \" style=\"display:none !important;\">\t\t\t\t<\/div>\n\t\t\t\t\t\t\t\t<div class=\"elementor-field-type-recaptcha_v3 elementor-field-group elementor-column elementor-field-group-field_36799c6 elementor-col-100 recaptcha_v3-bottomright\">\n\t\t\t\t\t<div class=\"elementor-field\" id=\"form-field-field_36799c6\"><div class=\"elementor-g-recaptcha\" data-sitekey=\"6LcU-LsiAAAAAJVUvlLGQhfS09jPOxKahb22hVDt\" data-type=\"v3\" data-action=\"Form\" data-badge=\"bottomright\" data-size=\"invisible\"><\/div><\/div>\t\t\t\t<\/div>\n\t\t\t\t\t\t\t\t<div class=\"elementor-field-group elementor-column elementor-field-type-submit elementor-col-100 e-form__buttons\">\n\t\t\t\t\t<button class=\"elementor-button elementor-size-sm\" type=\"submit\">\n\t\t\t\t\t\t<span class=\"elementor-button-content-wrapper\">\n\t\t\t\t\t\t\t\t\t\t\t\t\t\t\t\t\t\t\t\t\t\t<span class=\"elementor-button-text\">Send<\/span>\n\t\t\t\t\t\t\t\t\t\t\t\t\t<\/span>\n\t\t\t\t\t<\/button>\n\t\t\t\t<\/div>\n\t\t\t<\/div>\n\t\t<\/form>\n\t\t\t\t\t\t<\/div>\n\t\t\t\t<\/div>\n\t\t\t\t<\/div>\n\t\t\t\t<\/div>\n\t\t\t\t\t<\/div>\n\t\t<\/div>\n\t\t\t\t\t<\/div>\n\t\t<\/section>\n\t\t\t\t<\/div>\n\t\t","protected":false},"excerpt":{"rendered":"<p>Get your Clover terminal quote! Prenez rendez-vous avec nos sp\u00e9cialistes pour trouver les solutions les mieux adapt\u00e9es \u00e0 vos besoins. Soumission gratuite et sans engagement avec 90 jours d&#8217;essai.<\/p>\n","protected":false},"author":1,"featured_media":0,"parent":0,"menu_order":0,"comment_status":"closed","ping_status":"closed","template":"","meta":{"footnotes":""},"class_list":["post-3293","page","type-page","status-publish","hentry"],"_links":{"self":[{"href":"https:\/\/mcpaiement.com\/en\/wp-json\/wp\/v2\/pages\/3293","targetHints":{"allow":["GET"]}}],"collection":[{"href":"https:\/\/mcpaiement.com\/en\/wp-json\/wp\/v2\/pages"}],"about":[{"href":"https:\/\/mcpaiement.com\/en\/wp-json\/wp\/v2\/types\/page"}],"author":[{"embeddable":true,"href":"https:\/\/mcpaiement.com\/en\/wp-json\/wp\/v2\/users\/1"}],"replies":[{"embeddable":true,"href":"https:\/\/mcpaiement.com\/en\/wp-json\/wp\/v2\/comments?post=3293"}],"version-history":[{"count":12,"href":"https:\/\/mcpaiement.com\/en\/wp-json\/wp\/v2\/pages\/3293\/revisions"}],"predecessor-version":[{"id":5829,"href":"https:\/\/mcpaiement.com\/en\/wp-json\/wp\/v2\/pages\/3293\/revisions\/5829"}],"wp:attachment":[{"href":"https:\/\/mcpaiement.com\/en\/wp-json\/wp\/v2\/media?parent=3293"}],"curies":[{"name":"wp","href":"https:\/\/api.w.org\/{rel}","templated":true}]}}